{"id":76,"date":"2016-05-16T20:20:11","date_gmt":"2016-05-16T18:20:11","guid":{"rendered":"http:\/\/www.betschart-mueller.ch\/?page_id=76"},"modified":"2023-01-02T16:26:49","modified_gmt":"2023-01-02T14:26:49","slug":"tontraeger","status":"publish","type":"page","link":"https:\/\/www.betschart-mueller.ch\/?page_id=76","title":{"rendered":"Tontr\u00e4ger"},"content":{"rendered":"\n<h3 class=\"wp-block-heading\">&#8222;Diverses&#8220;<\/h3>\n\n\n\n<p>\n<table id=\"tablepress-2\" class=\"tablepress tablepress-id-2\">\n<thead>\n<tr class=\"row-1\">\n\t<th class=\"column-1\"><a href=\"http:\/\/www.betschart-mueller.ch\/wp-content\/uploads\/2016\/05\/DiversesCover.jpg\"><img loading=\"lazy\" decoding=\"async\" src=\"http:\/\/www.betschart-mueller.ch\/wp-content\/uploads\/2016\/05\/DiversesCover.jpg\" alt=\"d8847a_f02e4e9c401e4382938a7425ef6f8ab2-250x250\" width=\"300\" height=\"300\" class=\"alignnone size-full wp-image-106\" \/><\/a><\/th><th class=\"column-2\">Der erste Tontr\u00e4ger vom HD Betschart - M\u00fcller, ver\u00f6ffentlicht 2016. Von bekannten Komponisten werden Titel gespielt, die selten mehr geh\u00f6rt werden oder bis jetzt noch nicht aufgenommen worden sind. Das HD Betschart - M\u00fcller ist stolz, vier bisher unvertonte Kompositionen von Alois Betschart \"Pitsche Wisel\" mit der neuen Produktion \"Diverses\" pr\u00e4sentieren zu d\u00fcrfen (verf\u00fcgbar ab 4. Juni 2016).<\/th>\n<\/tr>\n<\/thead>\n<tbody class=\"row-striping row-hover\">\n<\/tbody>\n<\/table>\n<!-- #tablepress-2 from cache --><br>\n<table id=\"tablepress-3\" class=\"tablepress tablepress-id-3\">\n<tbody class=\"row-striping row-hover\">\n<tr class=\"row-1\">\n\t<td class=\"column-1\">1<\/td><td class=\"column-2\">Am Ch\u00e4mif\u00fc\u00fcr, Schottisch (Adolf Rogenmoser)<br \/>\n<\/td>\n<\/tr>\n<tr class=\"row-2\">\n\t<td class=\"column-1\">2<\/td><td class=\"column-2\">\u00dcber Stock und Stein, L\u00e4ndler (Alois Betschart, s'Pitsch\u00e4 Wysel)<br \/>\n<\/td>\n<\/tr>\n<tr class=\"row-3\">\n\t<td class=\"column-1\">3<\/td><td class=\"column-2\">Die fidelen Lustenauer, Marsch (Kasi Geisser)<br \/>\n<\/td>\n<\/tr>\n<tr class=\"row-4\">\n\t<td class=\"column-1\">4<\/td><td class=\"column-2\">Am Stammtisch, L\u00e4ndler (Hansruedi Fuhrer)<br \/>\n<\/td>\n<\/tr>\n<tr class=\"row-5\">\n\t<td class=\"column-1\">5<\/td><td class=\"column-2\">Immergr\u00fcen, Schottisch, (Alois Betschart, \"s'Pitsch\u00e4 Wysel\")<br \/>\n<\/td>\n<\/tr>\n<tr class=\"row-6\">\n\t<td class=\"column-1\">6<\/td><td class=\"column-2\">Herzensdieb, Polka (Jost Ribary sen.)<br \/>\n<\/td>\n<\/tr>\n<tr class=\"row-7\">\n\t<td class=\"column-1\">7<\/td><td class=\"column-2\">Ufem Ofeb\u00e4nkli, L\u00e4ndler (Jakob Buser)<br \/>\n<\/td>\n<\/tr>\n<tr class=\"row-8\">\n\t<td class=\"column-1\">8<\/td><td class=\"column-2\">F\u00fcr d'B\u00fcchelbuebe, Schottisch (Walter Betschart)<br \/>\n<\/td>\n<\/tr>\n<tr class=\"row-9\">\n\t<td class=\"column-1\">9<\/td><td class=\"column-2\">Dr Studeschl\u00fcfer, Mazurka (Alois Betschart, \"s'Pitsch\u00e4 Wysel\")<br \/>\n<\/td>\n<\/tr>\n<tr class=\"row-10\">\n\t<td class=\"column-1\">10<\/td><td class=\"column-2\">Gr\u00fcsse an Walter Grob, L\u00e4ndler (Walter Seewer)<br \/>\n<\/td>\n<\/tr>\n<tr class=\"row-11\">\n\t<td class=\"column-1\">11<\/td><td class=\"column-2\">Holzb\u00f6de-Schottisch, Schottisch (Harry Strebel)<br \/>\n<\/td>\n<\/tr>\n<tr class=\"row-12\">\n\t<td class=\"column-1\">12<\/td><td class=\"column-2\">Zum Jubil\u00e4um, L\u00e4ndler (Alois Betschart)<br \/>\n<\/td>\n<\/tr>\n<tr class=\"row-13\">\n\t<td class=\"column-1\">13<\/td><td class=\"column-2\">Heil Europa, Marsch (Franz von Blon)<br \/>\n<\/td>\n<\/tr>\n<tr class=\"row-14\">\n\t<td class=\"column-1\">14<\/td><td class=\"column-2\">Gersauer S\u00e4nnechilbi, L\u00e4ndler (Albert L\u00fc\u00f6nd)<br \/>\n<\/td>\n<\/tr>\n<tr class=\"row-15\">\n\t<td class=\"column-1\">15<\/td><td class=\"column-2\">Chilbi Polka, Polka (trad.)<br \/>\n<\/td>\n<\/tr>\n<tr class=\"row-16\">\n\t<td class=\"column-1\">16<\/td><td class=\"column-2\">Im Burehof z'Altdorf, Schottisch (Franz Feierabend)<br \/>\n<\/td>\n<\/tr>\n<tr class=\"row-17\">\n\t<td class=\"column-1\">17<\/td><td class=\"column-2\">Am Brunniberg, L\u00e4ndler (Alois Betschart, \"s'Pitsch\u00e4 Wysel\")<br \/>\n<\/td>\n<\/tr>\n<tr class=\"row-18\">\n\t<td class=\"column-1\">18<\/td><td class=\"column-2\">\u00dcber den Adlerpass, Schottisch (Arthur Br\u00fcgger)<br \/>\n<\/td>\n<\/tr>\n<tr class=\"row-19\">\n\t<td class=\"column-1\">19<\/td><td class=\"column-2\">\u00dcsi Summerau Margrit, L\u00e4ndler (Erich Schuler)<br \/>\n<\/td>\n<\/tr>\n<tr class=\"row-20\">\n\t<td class=\"column-1\">20<\/td><td class=\"column-2\">Treue Zuh\u00f6rer, Schottisch (Josef Betschart)<\/td>\n<\/tr>\n<\/tbody>\n<\/table>\n<!-- #tablepress-3 from cache --><\/p>\n\n\n\n<p class=\"has-text-align-left\"><div class='powr-order-form' id='acc1d374_1463423183'><\/div><\/p>\n","protected":false},"excerpt":{"rendered":"<p>&#8222;Diverses&#8220;<\/p>\n","protected":false},"author":1,"featured_media":0,"parent":0,"menu_order":0,"comment_status":"closed","ping_status":"closed","template":"","meta":{"footnotes":""},"class_list":["post-76","page","type-page","status-publish","hentry"],"_links":{"self":[{"href":"https:\/\/www.betschart-mueller.ch\/index.php?rest_route=\/wp\/v2\/pages\/76","targetHints":{"allow":["GET"]}}],"collection":[{"href":"https:\/\/www.betschart-mueller.ch\/index.php?rest_route=\/wp\/v2\/pages"}],"about":[{"href":"https:\/\/www.betschart-mueller.ch\/index.php?rest_route=\/wp\/v2\/types\/page"}],"author":[{"embeddable":true,"href":"https:\/\/www.betschart-mueller.ch\/index.php?rest_route=\/wp\/v2\/users\/1"}],"replies":[{"embeddable":true,"href":"https:\/\/www.betschart-mueller.ch\/index.php?rest_route=%2Fwp%2Fv2%2Fcomments&post=76"}],"version-history":[{"count":10,"href":"https:\/\/www.betschart-mueller.ch\/index.php?rest_route=\/wp\/v2\/pages\/76\/revisions"}],"predecessor-version":[{"id":296,"href":"https:\/\/www.betschart-mueller.ch\/index.php?rest_route=\/wp\/v2\/pages\/76\/revisions\/296"}],"wp:attachment":[{"href":"https:\/\/www.betschart-mueller.ch\/index.php?rest_route=%2Fwp%2Fv2%2Fmedia&parent=76"}],"curies":[{"name":"wp","href":"https:\/\/api.w.org\/{rel}","templated":true}]}}