{"id":5,"date":"2014-06-01T15:50:54","date_gmt":"2014-06-01T13:50:54","guid":{"rendered":"http:\/\/www.betschart-mueller.ch\/?page_id=5"},"modified":"2026-02-22T16:48:00","modified_gmt":"2026-02-22T14:48:00","slug":"ueber-uns","status":"publish","type":"page","link":"https:\/\/www.betschart-mueller.ch\/?page_id=5","title":{"rendered":"\u00dcber uns"},"content":{"rendered":"\n<h2 class=\"wp-block-heading\">Die Formation<\/h2>\n\n\n\n<p>Im Jahr 2002 lernten sich Tobias Betschart, Urs M\u00fcller und Torsten Betschart im Rahmen eines Jungmusikantenwettbewerbs in Fribourg am Eidgen\u00f6ssischen Jodlerfest kennen. Tobias und Torsten traten als Gebr\u00fcder Betschart auf, Urs begleitete ein Jodelduett. Spontan wurde musiziert, sofort war klar, dass sich musikalisch Gleichgesinnte gefunden hatten und Urs ein grosser Liebhaber der Musik von Alois Betschart, \u201cPitsche Wisel\u201c ist \u2013 dem legend\u00e4ren Grossvater von Tobias und Torsten. Bald traf man sich regelm\u00e4ssig zum \u00dcben und erste Auftritte folgten. 2007 fand schliesslich Peter Marggi als fester Bassgeiger zur Formation.<\/p>\n\n\n\n<p>Das HD Betschart \u2013 M\u00fcller hat sich der L\u00e4ndlermusik der 60iger \u2013 80iger Jahre verschrieben, einer Zeit, in der verschiedene legend\u00e4re Handorgelduette gern geh\u00f6rt wurden. So sind denn auch die Kompositionen der Toggenburgerbuebe, des HD Betschart \u2013 Rogenmoser, Betschart \u2013 Belmont, L\u00fc\u00f6nd \u2013 Ulrich oder dem Echo von Adelboden gern gespielte Titel von Tobias, Urs, Torsten und Peter.<\/p>\n\n\n\n<h2 class=\"wp-block-heading\">Die Musiker<\/h2>\n\n\n<div  class=\"lgc-column lgc-grid-parent lgc-grid-50 lgc-tablet-grid-50 lgc-mobile-grid-100 lgc-equal-heights \"><div  style=\"padding-left:0px;\" class=\"inside-grid-column\"><br \/>\n<a href=\"https:\/\/www.betschart-mueller.ch\/wp-content\/uploads\/2016\/05\/969_029.jpg\"><img loading=\"lazy\" decoding=\"async\" class=\"alignnone size-medium wp-image-90\" src=\"https:\/\/www.betschart-mueller.ch\/wp-content\/uploads\/2016\/05\/969_029-200x300.jpg\" alt=\"969_029\" width=\"200\" height=\"300\" srcset=\"https:\/\/www.betschart-mueller.ch\/wp-content\/uploads\/2016\/05\/969_029-200x300.jpg 200w, https:\/\/www.betschart-mueller.ch\/wp-content\/uploads\/2016\/05\/969_029.jpg 602w\" sizes=\"auto, (max-width: 200px) 100vw, 200px\" \/><\/a>\n<p>Tobias Betschart &#8211; Akkordeon<br \/>\n<\/p><\/div><\/div>\n\n\n<div  class=\"lgc-column lgc-grid-parent lgc-grid-50 lgc-tablet-grid-50 lgc-mobile-grid-100 lgc-equal-heights \"><div  style=\"padding-left:0px;\" class=\"inside-grid-column\">\n<p><a href=\"https:\/\/www.betschart-mueller.ch\/wp-content\/uploads\/2016\/05\/969_032.jpg\"><img loading=\"lazy\" decoding=\"async\" class=\"alignnone size-medium wp-image-89\" src=\"https:\/\/www.betschart-mueller.ch\/wp-content\/uploads\/2016\/05\/969_032-200x300.jpg\" alt=\"969_032\" width=\"200\" height=\"300\" srcset=\"https:\/\/www.betschart-mueller.ch\/wp-content\/uploads\/2016\/05\/969_032-200x300.jpg 200w, https:\/\/www.betschart-mueller.ch\/wp-content\/uploads\/2016\/05\/969_032.jpg 602w\" sizes=\"auto, (max-width: 200px) 100vw, 200px\" \/><\/a><\/p>\n<p>Urs M\u00fcller &#8211; Akkordeon<\/p>\n<p><\/p><\/div><\/div>\n\n\n<div  class=\"lgc-column lgc-grid-parent lgc-grid-50 lgc-tablet-grid-50 lgc-mobile-grid-100 lgc-equal-heights \"><div  style=\"padding-left:0px;\" class=\"inside-grid-column\">\n<p><a href=\"https:\/\/www.betschart-mueller.ch\/wp-content\/uploads\/2016\/05\/969_024.jpg\"><img loading=\"lazy\" decoding=\"async\" class=\"alignnone size-medium wp-image-88\" src=\"https:\/\/www.betschart-mueller.ch\/wp-content\/uploads\/2016\/05\/969_024-200x300.jpg\" alt=\"969_024\" width=\"200\" height=\"300\" srcset=\"https:\/\/www.betschart-mueller.ch\/wp-content\/uploads\/2016\/05\/969_024-200x300.jpg 200w, https:\/\/www.betschart-mueller.ch\/wp-content\/uploads\/2016\/05\/969_024.jpg 602w\" sizes=\"auto, (max-width: 200px) 100vw, 200px\" \/><\/a><\/p>\n<p>Peter Marggi &#8211; Kontrabass<\/p>\n<p><\/p><\/div><\/div>\n\n\n\n<div class=\"wp-block-group\"><div class=\"wp-block-group__inner-container is-layout-constrained wp-block-group-is-layout-constrained\"><div  class=\"lgc-column lgc-grid-parent lgc-grid-50 lgc-tablet-grid-50 lgc-mobile-grid-100 lgc-equal-heights \"><div  style=\"padding-left:0px;\" class=\"inside-grid-column\">\n<p><a alt=\"969_024\" width=\"200\" height=\"300\"><\/a><br \/>\nUrs Renggli &#8211; Klavier<\/p>\n<p><\/p><\/div><\/div>\n<\/div><\/div>\n\n\n\n<p><\/p>\n","protected":false},"excerpt":{"rendered":"<p>Die Formation Im Jahr 2002 lernten sich Tobias Betschart, Urs M\u00fcller und Torsten Betschart im Rahmen eines Jungmusikantenwettbewerbs in Fribourg am Eidgen\u00f6ssischen Jodlerfest kennen. Tobias und Torsten traten als Gebr\u00fcder Betschart auf, Urs begleitete ein Jodelduett. Spontan wurde musiziert, sofort war klar, dass sich musikalisch Gleichgesinnte gefunden hatten und Urs ein grosser Liebhaber der Musik [&hellip;]<\/p>\n","protected":false},"author":1,"featured_media":0,"parent":0,"menu_order":0,"comment_status":"closed","ping_status":"closed","template":"","meta":{"footnotes":""},"class_list":["post-5","page","type-page","status-publish","hentry"],"_links":{"self":[{"href":"https:\/\/www.betschart-mueller.ch\/index.php?rest_route=\/wp\/v2\/pages\/5","targetHints":{"allow":["GET"]}}],"collection":[{"href":"https:\/\/www.betschart-mueller.ch\/index.php?rest_route=\/wp\/v2\/pages"}],"about":[{"href":"https:\/\/www.betschart-mueller.ch\/index.php?rest_route=\/wp\/v2\/types\/page"}],"author":[{"embeddable":true,"href":"https:\/\/www.betschart-mueller.ch\/index.php?rest_route=\/wp\/v2\/users\/1"}],"replies":[{"embeddable":true,"href":"https:\/\/www.betschart-mueller.ch\/index.php?rest_route=%2Fwp%2Fv2%2Fcomments&post=5"}],"version-history":[{"count":14,"href":"https:\/\/www.betschart-mueller.ch\/index.php?rest_route=\/wp\/v2\/pages\/5\/revisions"}],"predecessor-version":[{"id":331,"href":"https:\/\/www.betschart-mueller.ch\/index.php?rest_route=\/wp\/v2\/pages\/5\/revisions\/331"}],"wp:attachment":[{"href":"https:\/\/www.betschart-mueller.ch\/index.php?rest_route=%2Fwp%2Fv2%2Fmedia&parent=5"}],"curies":[{"name":"wp","href":"https:\/\/api.w.org\/{rel}","templated":true}]}}